{"id":767,"date":"2024-09-22T18:17:55","date_gmt":"2024-09-22T17:17:55","guid":{"rendered":"https:\/\/holistiquement-bien.fr\/?page_id=767"},"modified":"2024-09-22T18:30:17","modified_gmt":"2024-09-22T17:30:17","slug":"septembre-2024","status":"publish","type":"page","link":"https:\/\/holistiquement-bien.fr\/?page_id=767","title":{"rendered":"Septembre 2024"},"content":{"rendered":"\n<p>Les bienfaits du rire au quotidien et \u00e0 l&rsquo;association&#8230;<\/p>\n\n\n\n<figure class=\"wp-block-embed is-type-video is-provider-youtube wp-block-embed-youtube wp-embed-aspect-4-3 wp-has-aspect-ratio\"><div class=\"wp-block-embed__wrapper\">\n<div class=\"video-container\"><iframe title=\"Vide\u0301o Newsletter septembre\" width=\"500\" height=\"375\" src=\"https:\/\/www.youtube.com\/embed\/uk_cTkAL_Wo?feature=oembed&#038;wmode=opaque\" frameborder=\"0\" allow=\"accelerometer; autoplay; clipboard-write; encrypted-media; gyroscope; picture-in-picture; web-share\" referrerpolicy=\"strict-origin-when-cross-origin\" allowfullscreen><\/iframe><\/div>\n<\/div><figcaption class=\"wp-element-caption\">Dans cette vid\u00e9o, Marie, notre pr\u00e9sidente et animatrice de yoga du rire, vous pr\u00e9sente les bienfaits du rire au quotidien mais \u00e9galement ceux que vous pourrez d\u00e9couvrir \u00e0 l&rsquo;association dans le cadre des ateliers propos\u00e9s tous les lundis (hors vacances scolaires) de 20h \u00e0 21h15 au ch\u00e2teau du Vert Feuillage de Linselles&#8230;<\/figcaption><\/figure>\n\n\n\n<div data-wp-interactive=\"core\/file\" class=\"wp-block-file\"><object data-wp-bind--hidden=\"!state.hasPdfPreview\" hidden class=\"wp-block-file__embed\" data=\"https:\/\/holistiquement-bien.fr\/wp-content\/uploads\/2024\/09\/Newsletter-septembre.pdf\" type=\"application\/pdf\" style=\"width:100%;height:600px\" aria-label=\"Contenu embarqu\u00e9 Newsletter septembre.\"><\/object><a id=\"wp-block-file--media-a1848325-42fb-4853-8f68-207627e06581\" href=\"https:\/\/holistiquement-bien.fr\/wp-content\/uploads\/2024\/09\/Newsletter-septembre.pdf\">Newsletter septembre<\/a><a href=\"https:\/\/holistiquement-bien.fr\/wp-content\/uploads\/2024\/09\/Newsletter-septembre.pdf\" class=\"wp-block-file__button wp-element-button\" download aria-describedby=\"wp-block-file--media-a1848325-42fb-4853-8f68-207627e06581\">T\u00e9l\u00e9charger<\/a><\/div>\n\n\n\n<p><\/p>\n","protected":false},"excerpt":{"rendered":"<p>Les bienfaits du rire au quotidien et \u00e0 l&rsquo;association&#8230;<\/p>\n","protected":false},"author":2,"featured_media":0,"parent":762,"menu_order":0,"comment_status":"closed","ping_status":"closed","template":"","meta":{"om_disable_all_campaigns":false,"_monsterinsights_skip_tracking":false,"_monsterinsights_sitenote_active":false,"_monsterinsights_sitenote_note":"","_monsterinsights_sitenote_category":0,"_uf_show_specific_survey":0,"_uf_disable_surveys":false,"footnotes":""},"class_list":["post-767","page","type-page","status-publish","hentry"],"aioseo_notices":[],"_links":{"self":[{"href":"https:\/\/holistiquement-bien.fr\/index.php?rest_route=\/wp\/v2\/pages\/767","targetHints":{"allow":["GET"]}}],"collection":[{"href":"https:\/\/holistiquement-bien.fr\/index.php?rest_route=\/wp\/v2\/pages"}],"about":[{"href":"https:\/\/holistiquement-bien.fr\/index.php?rest_route=\/wp\/v2\/types\/page"}],"author":[{"embeddable":true,"href":"https:\/\/holistiquement-bien.fr\/index.php?rest_route=\/wp\/v2\/users\/2"}],"replies":[{"embeddable":true,"href":"https:\/\/holistiquement-bien.fr\/index.php?rest_route=%2Fwp%2Fv2%2Fcomments&post=767"}],"version-history":[{"count":2,"href":"https:\/\/holistiquement-bien.fr\/index.php?rest_route=\/wp\/v2\/pages\/767\/revisions"}],"predecessor-version":[{"id":771,"href":"https:\/\/holistiquement-bien.fr\/index.php?rest_route=\/wp\/v2\/pages\/767\/revisions\/771"}],"up":[{"embeddable":true,"href":"https:\/\/holistiquement-bien.fr\/index.php?rest_route=\/wp\/v2\/pages\/762"}],"wp:attachment":[{"href":"https:\/\/holistiquement-bien.fr\/index.php?rest_route=%2Fwp%2Fv2%2Fmedia&parent=767"}],"curies":[{"name":"wp","href":"https:\/\/api.w.org\/{rel}","templated":true}]}}